{"id":1810,"date":"2025-08-02T19:03:02","date_gmt":"2025-08-02T17:03:02","guid":{"rendered":"https:\/\/intsight.com\/?page_id=1810"},"modified":"2026-04-07T13:43:55","modified_gmt":"2026-04-07T11:43:55","slug":"musica","status":"publish","type":"page","link":"https:\/\/intsight.com\/index.php\/musica\/","title":{"rendered":"M\u00fasica"},"content":{"rendered":"<p><span style=\"font-variant:small-caps;font-size:107%\">Desde la niebla<\/span> de los tiempos, cuando solo los protozoos frecuentaban los bares de la calle Huerta de Madrid, ya estaba un servidor dando la tabarra con su musiquita en este planeta. Lo siento profundamente, pero como dec\u00eda el vizconde de Valmont, <em>I can&#8217;t help it!<\/em>.<\/p>\n<p>Esta es una breve lista de las canciones que he terminado \u00faltimamente.<\/p>\n<h4>Lost Cards<\/h4>\n<p>He publicado un par de canciones nuevas y algunas remezclas de canciones que ya estaban publicadas, en un nuevo \u00e1lbum:<\/p>\n<p><iframe data-testid=\"embed-iframe\" style=\"border-radius:12px\" src=\"https:\/\/open.spotify.com\/embed\/album\/6LVZZFFI9SdxuiEMfv6gR3?utm_source=generator\" width=\"100%\" height=\"352\" frameBorder=\"0\" allowfullscreen=\"\" allow=\"autoplay; clipboard-write; encrypted-media; fullscreen; picture-in-picture\" loading=\"lazy\"><\/iframe><\/p>\n<p>\u00abBlind Date Man Walking\u00bb est\u00e1 dedicada a James D. Watson, el del premio Nobel, represaliado por el \u00abestablishment\u00bb por decir lo que pensaba.<\/p>\n<h4>Drunken Butterfly<\/h4>\n<p>Esta es una de mis favoritas. La escrib\u00ed en la isla de La Palma. Mi mujer me re\u00f1\u00eda porque no hab\u00eda contratado excursiones desde Madrid. As\u00ed que empec\u00e9 a escribir una canci\u00f3n sobre m\u00ed: <em>\u00abYou say you would, but you never made it true&#8230;\u00bb<\/em>. Pero cuando ya llegu\u00e9 al coro, la historia hab\u00eda cambiado y ya estaba cantando aquello de <em>\u00abMad girl, bad girl, you&#8217;re a drunked butterfly, in a blurry photograph\u00bb<\/em>. La suerte estaba echada.<\/p>\n<p>Hay dos versiones en iTunes y Spotify. Despu\u00e9s de escucharla un tiempo, pasa lo inevitable: los defectos son m\u00e1s aparentes. Hice una segunda mezcla, y para que no se \u00abperdiese\u00bb, mont\u00e9 un v\u00eddeo con AI. No es gran cosa, pero fue divertido, que es lo que importa. La versi\u00f3n del v\u00eddeo es la incluida en \u00abLost Cards\u00bb.<\/p>\n<p><iframe loading=\"lazy\" title=\"Drunken Butterfly, by Neon Drift\" width=\"580\" height=\"326\" src=\"https:\/\/www.youtube.com\/embed\/LU9qRXTDPUs?feature=oembed\" frameborder=\"0\" allow=\"accelerometer; autoplay; clipboard-write; encrypted-media; gyroscope; picture-in-picture; web-share\" referrerpolicy=\"strict-origin-when-cross-origin\" allowfullscreen><\/iframe><\/p>\n<h4>Cinderella<\/h4>\n<p>Esta es una canci\u00f3n antigua. La compuse en espa\u00f1ol en un momento de desesperaci\u00f3n, pero como no ten\u00eda quien la cantase, hice una primera versi\u00f3n instrumental, bastante mala. Cuando encontr\u00e9 c\u00f3mo cambiar mi voz por AI, hice una versi\u00f3n en ingl\u00e9s que, curiosamente, sali\u00f3 m\u00e1s oscura y con referencias gn\u00f3sticas. La princesa en la torre es Miriam de Magdala, la dama de Shalott y tantos otros referentes culturales.<\/p>\n<p>Esta versi\u00f3n es la que est\u00e1 incluida en \u00abLost Cards\u00bb. Mejora la mezcla y las armon\u00edas vocales.<\/p>\n<p><iframe loading=\"lazy\" title=\"Cinderella\" width=\"580\" height=\"326\" src=\"https:\/\/www.youtube.com\/embed\/m-7jImy68L4?feature=oembed\" frameborder=\"0\" allow=\"accelerometer; autoplay; clipboard-write; encrypted-media; gyroscope; picture-in-picture; web-share\" referrerpolicy=\"strict-origin-when-cross-origin\" allowfullscreen><\/iframe><\/p>\n<h4>Poppies<\/h4>\n<p>Cuando termin\u00e9 la primera versi\u00f3n de Still For A Moment, estuve un par de d\u00edas repitiendo mentalmente armon\u00edas en tiempo de vals. Autom\u00e1ticamente, el segundo d\u00eda surgi\u00f3, sin yo buscarlo, la primera estrofa. Es una letra muy triste, pero yo no la busqu\u00e9. Las siguientes estrofas salieron como el desarrollo natural de la primera.<\/p>\n<p>Entonces, encontr\u00e9 los primeros v\u00eddeos de cuando Yuki apareci\u00f3 en mi barrio, y decid\u00ed quitarle hierro y tristeza montando el v\u00eddeo con ella.<\/p>\n<p><iframe loading=\"lazy\" title=\"Yuki no Hime\" width=\"580\" height=\"326\" src=\"https:\/\/www.youtube.com\/embed\/VGY1Zi9vblA?feature=oembed\" frameborder=\"0\" allow=\"accelerometer; autoplay; clipboard-write; encrypted-media; gyroscope; picture-in-picture; web-share\" referrerpolicy=\"strict-origin-when-cross-origin\" allowfullscreen><\/iframe><\/p>\n<h4>Still For A Moment<\/h4>\n<p>Esta canci\u00f3n originalmente la invent\u00e9 con una guitarra, tocada en 4\/4. Cuando la quise arreglar con voz, me di cuenta de que funcionaba mejor en 3\/4 y que si cambiaba algunos acordes, quedaba mejor, aunque un poco m\u00e1s triste. La mayor parte de la letra ya exist\u00eda en ingl\u00e9s, y quedaba mejor cantada por una chica.<\/p>\n<p><iframe loading=\"lazy\" title=\"Still for a Moment (remix)\" width=\"580\" height=\"326\" src=\"https:\/\/www.youtube.com\/embed\/ria0XDkMqrs?feature=oembed\" frameborder=\"0\" allow=\"accelerometer; autoplay; clipboard-write; encrypted-media; gyroscope; picture-in-picture; web-share\" referrerpolicy=\"strict-origin-when-cross-origin\" allowfullscreen><\/iframe><\/p>\n<h4>Topsham<\/h4>\n<p>Topsham es de las antiguas, cuando me dije que no merec\u00eda la pena componer instrumentales. Es una canci\u00f3n que se me ocurri\u00f3 escribir para una novela sobre un personaje famoso de la villa del mismo nombre. Finalmente, nadie escribi\u00f3 la novela, pero la composici\u00f3n sigue ah\u00ed.<\/p>\n<p>El v\u00eddeo fue complicado de realizar. Un gato pod\u00eda estar alej\u00e1ndose de la c\u00e1mara, pero de repente se invert\u00eda la posici\u00f3n relativa de la cabeza y el culo del animalito. Hay alg\u00fan trozo de ese tipo que he dejado como constancia de lo terrible que es la AI de estos tiempos.<\/p>\n<p><iframe loading=\"lazy\" title=\"TOPSHAM\" width=\"580\" height=\"326\" src=\"https:\/\/www.youtube.com\/embed\/L9VPZp_ChNk?feature=oembed\" frameborder=\"0\" allow=\"accelerometer; autoplay; clipboard-write; encrypted-media; gyroscope; picture-in-picture; web-share\" referrerpolicy=\"strict-origin-when-cross-origin\" allowfullscreen><\/iframe><\/p>\n<h4>Mizu no kokoro<\/h4>\n<p>Le tengo cari\u00f1o a esta canci\u00f3n. La escrib\u00ed para mi mujer. Y estuve a punto de estropearla: tras la presentaci\u00f3n del tema de la canci\u00f3n, con instrumentos tradicionales japoneses m\u00e1s un piano, no se me ocurri\u00f3 otra cosa que iniciar una secci\u00f3n heavy metal. Rosa la oy\u00f3 y con mucho tacto (es un decir) me dijo que no pegaba ni con cola. Volv\u00ed a o\u00edr la canci\u00f3n y, efectivamente, hab\u00eda una forma de continuar el tema que era m\u00e1s conclusiva, sin dejar cabos sueltos, y m\u00e1s agradable de o\u00edr.<\/p>\n<p>Mizu no Kokoro significa, en japon\u00e9s, el esp\u00edritu como el agua. Esp\u00edritu en el sentido de mente, o de coraz\u00f3n (casi todos los pueblos antiguamente pensaban que las ideas ven\u00edan del coraz\u00f3n).<\/p>\n<p>El v\u00eddeo es el m\u00e1s viejo de los que estoy subiendo. Son trozos de v\u00eddeos filmados en Cabo de Gata y en las Feroe. Alg\u00fan purista ya se ha quejado de la mezcla de lugares. Para m\u00ed, el agua es la misma en todos. M\u00e1s caliente, m\u00e1s fr\u00eda, pero siempre agua.<\/p>\n<p><iframe loading=\"lazy\" title=\"Mizu no Kokoro\" width=\"580\" height=\"326\" src=\"https:\/\/www.youtube.com\/embed\/zrHdwpoxV7Q?feature=oembed\" frameborder=\"0\" allow=\"accelerometer; autoplay; clipboard-write; encrypted-media; gyroscope; picture-in-picture; web-share\" referrerpolicy=\"strict-origin-when-cross-origin\" allowfullscreen><\/iframe><\/p>\n<h4>Reflejos<\/h4>\n<p>De todas las composiciones para piano que he escrito, esta es mi favorita. Cuando Rosa y yo empezamos a salir juntos, a veces pas\u00e1bamos por el parque al que daba el edificio donde viv\u00eda, porque hab\u00eda gatas con sus correspondientes gatitos. Nos encari\u00f1amos con un peque\u00f1\u00edn que hab\u00eda encontrado un mu\u00f1eco de peluche y era su mejor amigo. Les pon\u00edamos comida y agua. A la semana, nos encontramos al peque\u00f1\u00edn inm\u00f3vil, abrazado a su peluche. Hac\u00eda fr\u00edo. Se me hizo un nudo en la garganta, y empec\u00e9 a o\u00edr en mi cabeza algunas de las notas de Reflejos. El t\u00edtulo inicial de la canci\u00f3n era <em>Fragile<\/em>. Cuando estuvo terminada, Rosa me convenci\u00f3 para cambiarle el nombre a algo m\u00e1s agradable.<\/p>\n<p>Intent\u00e9 montar un v\u00eddeo con AI en el que una chica se adentraba en un bosque oscuro con su gemela, y encontraban un espejo, que absorb\u00eda a una de ellas. La chica que quedaba corr\u00eda por el bosque y encontraba un portal en una grieta de un \u00e1rbol que la transportaba a una habitaci\u00f3n de espejos. All\u00ed, bailaba delante de los espejos como en el siglo XVII, y se quedaba dormida en el suelo. Mientras apoyaba la cabeza para dormir, la hermana perdida aparec\u00eda, la besaba en la cabeza y dorm\u00eda con ella. En una historia paralela, un lobo solitario se encontraba con un hada en un erial, y le dec\u00eda algo al o\u00eddo. El hada entend\u00eda la gravedad de la situaci\u00f3n, se pon\u00eda en pie, brotaban flores y ramas de su cuerpo y se convert\u00eda en un \u00e1rbol, s\u00edmbolo de la vida y la primavera. Luego el viento convert\u00eda el \u00e1rbol en una peque\u00f1a monta\u00f1a de polvo, el lobo aullaba y volv\u00edamos a la habitaci\u00f3n de los espejos, donde las dos gemelas se despertaban a la vez.<\/p>\n<p>&#8230; bueno, esa era la idea. Fue casi imposible hacer algo decente usando Veo2, Veo3, Sora y unos cuantos generadores de v\u00eddeos en ese estilo. Por ejemplo, cuando la ni\u00f1a bailaba, la cabeza pod\u00eda girar en una direcci\u00f3n y el tronco en otra. Me conform\u00e9 finalmente con publicar la partitura de la m\u00fasica junto con la canci\u00f3n. Cuando la generaci\u00f3n de v\u00eddeos por AI sea mejor y m\u00e1s barata, quiz\u00e1s vuelva a intentarlo.<\/p>\n<p><iframe loading=\"lazy\" title=\"REFLEJOS - Piano Score\" width=\"580\" height=\"326\" src=\"https:\/\/www.youtube.com\/embed\/-I5zXVO6Sm0?feature=oembed\" frameborder=\"0\" allow=\"accelerometer; autoplay; clipboard-write; encrypted-media; gyroscope; picture-in-picture; web-share\" referrerpolicy=\"strict-origin-when-cross-origin\" allowfullscreen><\/iframe><\/p>\n<h4>Cartas Perdidas<\/h4>\n<p>Estas canciones no tienen v\u00eddeo asociado, de momento (y mientras no cambie lo suficiente la AI, no me vuelvo a complicar la vida).<\/p>\n<p><em>Prayer<\/em> fue la primera canci\u00f3n que grab\u00e9 con voz simulada. Esta es la versi\u00f3n para Spotify:<\/p>\n<p><iframe title=\"Spotify Embed: Prayer\" style=\"border-radius: 12px\" width=\"100%\" height=\"152\" frameborder=\"0\" allowfullscreen allow=\"autoplay; clipboard-write; encrypted-media; fullscreen; picture-in-picture\" loading=\"lazy\" src=\"https:\/\/open.spotify.com\/embed\/track\/7uccTiPVnGTD2qr43zLnI5?utm_source=oembed\"><\/iframe><\/p>\n<p>La versi\u00f3n con mejor mezcla y m\u00e1s detalles vocales es esta:<\/p>\n<!--[if lt IE 9]><script>document.createElement('audio');<\/script><![endif]-->\n<audio class=\"wp-audio-shortcode\" id=\"audio-1810-1\" preload=\"none\" style=\"width: 100%;\" controls=\"controls\"><source type=\"audio\/wav\" src=\"https:\/\/marteens.com\/media\/music\/Prayer.wav?_=1\" \/><a href=\"https:\/\/marteens.com\/media\/music\/Prayer.wav\">https:\/\/marteens.com\/media\/music\/Prayer.wav<\/a><\/audio>\n<p><em>Rising<\/em> es otra de mis favoritas. Es instrumental. La versi\u00f3n en Spotify:<\/p>\n<p><iframe title=\"Spotify Embed: Rising\" style=\"border-radius: 12px\" width=\"100%\" height=\"152\" frameborder=\"0\" allowfullscreen allow=\"autoplay; clipboard-write; encrypted-media; fullscreen; picture-in-picture\" loading=\"lazy\" src=\"https:\/\/open.spotify.com\/embed\/track\/2R7gZPBiqLi5bWcHZd511O?si=ab3ae2d90f3e45cd&#038;utm_source=oembed\"><\/iframe><\/p>\n<p>Esta es una canci\u00f3n para la que me gustar\u00eda hacer un v\u00eddeo, pero de hacerlo, no utilizar\u00eda casi AI, sino m\u00e1s animaci\u00f3n cl\u00e1sica. El guion ser\u00eda m\u00e1s o menos: un campesino medieval, agotado, se arrodilla en el campo que cultiva, saca un cuchillo y se hace un corte en la mano. La sangre que brota cae en la tierra y el v\u00eddeo muestra c\u00f3mo una extra\u00f1a planta empieza a brotar bajo tierra. La planta crece, brota sobre la tierra y da a luz a dos gemelos, una hembra y un var\u00f3n, de una especie extra\u00f1a, con caras alargadas, pero hermosas. Desgraciadamente, un caballo (o algo parecido, tengo que pensarlo) pasa por encima de los hermanos y hiere a la chica. El hermano jura venganza y pasan las cosas que pasan en los guiones basados en la venganza. S\u00ed, es una parida enorme, pero son las paridas que vagan por mi cabeza.<\/p>\n<p>Una mezcla de <em>Rising<\/em> m\u00e1s equilibrada, para mi gusto:<\/p>\n<audio class=\"wp-audio-shortcode\" id=\"audio-1810-2\" preload=\"none\" style=\"width: 100%;\" controls=\"controls\"><source type=\"audio\/wav\" src=\"https:\/\/marteens.com\/media\/music\/Rising.wav?_=2\" \/><a href=\"https:\/\/marteens.com\/media\/music\/Rising.wav\">https:\/\/marteens.com\/media\/music\/Rising.wav<\/a><\/audio>\n<p>A <em>The Mage<\/em> le tengo mucho cari\u00f1o. La compuse con 26 a\u00f1os, mirando al mar con mi grupo musical de aquel entonces. Al tener la posibilidad de grabarla con voces, cambi\u00e9 la letra a ingl\u00e9s. Y algo tambi\u00e9n cambi\u00f3 en el tono emocional de la canci\u00f3n. La primera grabaci\u00f3n iba a 170 negras por minuto. Baj\u00e1ndola a 140, consegu\u00ed que sonase mejor.<\/p>\n<p>Como suele ocurrir, la versi\u00f3n que sub\u00ed a Spotify la hice a toda prisa:<\/p>\n<p><iframe title=\"Spotify Embed: The Mage\" style=\"border-radius: 12px\" width=\"100%\" height=\"152\" frameborder=\"0\" allowfullscreen allow=\"autoplay; clipboard-write; encrypted-media; fullscreen; picture-in-picture\" loading=\"lazy\" src=\"https:\/\/open.spotify.com\/embed\/track\/3sK9jOK3pjrjZSSJKqiu8n?si=9169cba13e724545&#038;utm_source=oembed\"><\/iframe><\/p>\n<p>Despu\u00e9s la o\u00ed con m\u00e1s calma, y le he a\u00f1adido mejores armon\u00edas y mejor mezcla y masterizaci\u00f3n. Esta es la versi\u00f3n que me gusta:<\/p>\n<audio class=\"wp-audio-shortcode\" id=\"audio-1810-3\" preload=\"none\" style=\"width: 100%;\" controls=\"controls\"><source type=\"audio\/wav\" src=\"https:\/\/marteens.com\/media\/music\/The%20Mage.wav?_=3\" \/><a href=\"https:\/\/marteens.com\/media\/music\/The%20Mage.wav\">https:\/\/marteens.com\/media\/music\/The%20Mage.wav<\/a><\/audio>\n<p><em>The World<\/em> es una canci\u00f3n bastante tonta, pero la escrib\u00ed en un momento en el que estaba harto de la sociedad y de sus imposiciones. A estas alturas, ver\u00e1s que las canciones empiezan a tener nombres sacados de las cartas del Tarot. Nada serio, por supuesto: me hizo gracia seguir el patr\u00f3n.<\/p>\n<p><iframe title=\"Spotify Embed: The World\" style=\"border-radius: 12px\" width=\"100%\" height=\"152\" frameborder=\"0\" allowfullscreen allow=\"autoplay; clipboard-write; encrypted-media; fullscreen; picture-in-picture\" loading=\"lazy\" src=\"https:\/\/open.spotify.com\/embed\/track\/4IDFGlARzeGaSS9wfgsPpn?si=c8bb12c311f04240&#038;utm_source=oembed\"><\/iframe><\/p>\n<p>Esta es la versi\u00f3n m\u00e1s reciente. Tiene pocos cambios, en este caso. Me gustan las \u00abcortinillas\u00bb entre frases musicales. Es una forma de romper el formato de ocho compases inevitables por frase, sobre todo cuando tienes que repetir acordes que no aportan nada. Rompes la baraja y haces algo raro en el s\u00e9ptimo comp\u00e1s para que no se note demasiado. El <em>mic drop<\/em> al final lo inclu\u00ed porque me aburr\u00eda y me plante\u00e9 cerrar la cuenta en Spotify. Al final no lo hice, lo siento.<\/p>\n<audio class=\"wp-audio-shortcode\" id=\"audio-1810-4\" preload=\"none\" style=\"width: 100%;\" controls=\"controls\"><source type=\"audio\/wav\" src=\"https:\/\/marteens.com\/media\/music\/The%20World.wav?_=4\" \/><a href=\"https:\/\/marteens.com\/media\/music\/The%20World.wav\">https:\/\/marteens.com\/media\/music\/The%20World.wav<\/a><\/audio>\n<p><em>The Start<\/em> tambi\u00e9n es vieja, aunque en este caso, prefer\u00ed no a\u00f1adirle letra. Lo complicado de <em>The Star<\/em> fue la mezcla y masterizaci\u00f3n.<\/p>\n<p><iframe title=\"Spotify Embed: The Star\" style=\"border-radius: 12px\" width=\"100%\" height=\"352\" frameborder=\"0\" allowfullscreen allow=\"autoplay; clipboard-write; encrypted-media; fullscreen; picture-in-picture\" loading=\"lazy\" src=\"https:\/\/open.spotify.com\/embed\/album\/1YsGrrCYsrOoeLWOvo9330?si=9jr1LNJhTXGRN-X2SanO5g&#038;utm_source=oembed\"><\/iframe><\/p>\n<p>Y si hab\u00eda que usar el Tarot como hilo tem\u00e1tico, era natural escribir <em>The Fool<\/em>. La frase en japon\u00e9s viene a decir lo que el refr\u00e1n castellano de que \u00abcuando un tonto tira por un camino, o se acaba el camino, o se acaba el tonto\u00bb.<\/p>\n<p><iframe title=\"Spotify Embed: The Fool\" style=\"border-radius: 12px\" width=\"100%\" height=\"352\" frameborder=\"0\" allowfullscreen allow=\"autoplay; clipboard-write; encrypted-media; fullscreen; picture-in-picture\" loading=\"lazy\" src=\"https:\/\/open.spotify.com\/embed\/album\/75TPDsNwzcxxugJMIF6hHL?si=F3MJ5Yb9RpaD9TiJQwZTrg&#038;utm_source=oembed\"><\/iframe><\/p>\n<p>Por \u00faltimo, aqu\u00ed tiene al amigo Deckart Bregg, o Deck, a secas, disfrazado de Johann Sebastian Meow, interpretando un arreglo de la Fuga en Re mayor del primer libro de \u00abEl Clave Bien Temperado\u00bb. Me perdonar\u00e1 que le haya puesto un nombre a un gato imaginario. Tambi\u00e9n est\u00e1 el bater\u00eda, que se llama Chuck, y el bajista, un gato negro gordo, se llama Delaney.<\/p>\n<p><iframe title=\"Spotify Embed: Fugue in D Major\" style=\"border-radius: 12px\" width=\"100%\" height=\"352\" frameborder=\"0\" allowfullscreen allow=\"autoplay; clipboard-write; encrypted-media; fullscreen; picture-in-picture\" loading=\"lazy\" src=\"https:\/\/open.spotify.com\/embed\/album\/4Rc8ckrDJzUdxlSuRycfP1?si=YzptSKbaSJiGDDTM8BEPJg&#038;utm_source=oembed\"><\/iframe><\/p>\n","protected":false},"excerpt":{"rendered":"<p>Desde la niebla de los tiempos, cuando solo los protozoos frecuentaban los bares de la calle Huerta de Madrid, ya estaba un servidor dando la tabarra con su musiquita en este planeta. Lo siento profundamente, pero como dec\u00eda el vizconde de Valmont, I can&#8217;t help it!. Esta es una breve lista de las canciones que [&hellip;]<\/p>\n","protected":false},"author":1,"featured_media":1819,"parent":0,"menu_order":0,"comment_status":"closed","ping_status":"closed","template":"","meta":{"jetpack_post_was_ever_published":false,"footnotes":""},"class_list":["post-1810","page","type-page","status-publish","has-post-thumbnail","hentry"],"jetpack_sharing_enabled":true,"_links":{"self":[{"href":"https:\/\/intsight.com\/index.php\/wp-json\/wp\/v2\/pages\/1810","targetHints":{"allow":["GET"]}}],"collection":[{"href":"https:\/\/intsight.com\/index.php\/wp-json\/wp\/v2\/pages"}],"about":[{"href":"https:\/\/intsight.com\/index.php\/wp-json\/wp\/v2\/types\/page"}],"author":[{"embeddable":true,"href":"https:\/\/intsight.com\/index.php\/wp-json\/wp\/v2\/users\/1"}],"replies":[{"embeddable":true,"href":"https:\/\/intsight.com\/index.php\/wp-json\/wp\/v2\/comments?post=1810"}],"version-history":[{"count":25,"href":"https:\/\/intsight.com\/index.php\/wp-json\/wp\/v2\/pages\/1810\/revisions"}],"predecessor-version":[{"id":1853,"href":"https:\/\/intsight.com\/index.php\/wp-json\/wp\/v2\/pages\/1810\/revisions\/1853"}],"wp:featuredmedia":[{"embeddable":true,"href":"https:\/\/intsight.com\/index.php\/wp-json\/wp\/v2\/media\/1819"}],"wp:attachment":[{"href":"https:\/\/intsight.com\/index.php\/wp-json\/wp\/v2\/media?parent=1810"}],"curies":[{"name":"wp","href":"https:\/\/api.w.org\/{rel}","templated":true}]}}