{"id":628,"date":"2021-01-24T10:45:08","date_gmt":"2021-01-24T09:45:08","guid":{"rendered":"https:\/\/intsight.com\/?page_id=628"},"modified":"2023-10-16T17:34:30","modified_gmt":"2023-10-16T15:34:30","slug":"bibliografia","status":"publish","type":"page","link":"https:\/\/intsight.com\/index.php\/bibliografia\/","title":{"rendered":"Bibliograf\u00eda"},"content":{"rendered":"<h4>Algebra lineal<\/h4>\n<p style=\"display: table\"><a href=\"https:\/\/www.amazon.com\/gp\/product\/0898713617\/ref=as_li_tl?ie=UTF8&#038;camp=1789&#038;creative=9325&#038;creativeASIN=0898713617&#038;linkCode=as2&#038;tag=callindrmarte-20&#038;linkId=c02cccb97f18f5a7c4651a0ef09d9a00\" target=\"_blank\" rel=\"noopener\"><img decoding=\"async\" src=\"\/\/ws-na.amazon-adsystem.com\/widgets\/q?_encoding=UTF8&#038;MarketPlace=US&#038;ASIN=0898713617&#038;ServiceVersion=20070822&#038;ID=AsinImage&#038;WS=1&#038;Format=_SL250_&#038;tag=callindrmarte-20\" style=\"margin-right: 10px\" align=\"left\" border=\"0\"><\/a><img loading=\"lazy\" decoding=\"async\" src=\"\/\/ir-na.amazon-adsystem.com\/e\/ir?t=callindrmarte-20&#038;l=am2&#038;o=1&#038;a=0898713617\" style=\"border: none !important; margin: 0px !important\" alt=\"\" width=\"1\" height=\"1\" align=\"left\" border=\"0\">Casi cualquier libro vale para aprender Algebra Lineal, pero necesitar\u00e1 \u00e9ste si quiere alcanzar el nivel Jedi. Tome nota, adem\u00e1s, de la peque\u00f1a diferencia en el t\u00edtulo: este libro va de \u00e1lgebra lineal <em>num\u00e9rica<\/em>. Aqu\u00ed el \u00e9nfasis se pone en la implementaci\u00f3n de los algoritmos.<\/p>\n<h4>Quantum Computing<\/h4>\n<p style=\"display: table\"><a href=\"https:\/\/www.amazon.com\/gp\/product\/0262526670\/ref=as_li_tl?ie=UTF8&#038;camp=1789&#038;creative=9325&#038;creativeASIN=0262526670&#038;linkCode=as2&#038;tag=callindrmarte-20&#038;linkId=6c918ed5982b8f33fb47a4e15b443f96\" target=\"_blank\" rel=\"noopener\"><img decoding=\"async\" src=\"\/\/ws-na.amazon-adsystem.com\/widgets\/q?_encoding=UTF8&#038;MarketPlace=US&#038;ASIN=0262526670&#038;ServiceVersion=20070822&#038;ID=AsinImage&#038;WS=1&#038;Format=_SL250_&#038;tag=callindrmarte-20\" style=\"margin-right: 10px\" align=\"left\" border=\"0\"><\/a><img loading=\"lazy\" decoding=\"async\" src=\"\/\/ir-na.amazon-adsystem.com\/e\/ir?t=callindrmarte-20&#038;l=am2&#038;o=1&#038;a=0262526670\" style=\"border: none !important; margin: 0px !important\" alt=\"\" width=\"1\" height=\"1\" align=\"left\" border=\"0\">De los libros sobre computaci\u00f3n cu\u00e1ntica que he podido leer, este es probablemente mi favorito. Tiene el balance casi perfecto entre los requisitos te\u00f3ricos y la lista de algoritmos del canon que se explican. En mi libro perfecto, no obstante, habr\u00edan m\u00e1s algoritmos.<\/p>\n<p style=\"display: table\"><a href=\"https:\/\/www.amazon.com\/gp\/product\/B00AHTN5NS\/ref=as_li_tl?ie=UTF8&#038;camp=1789&#038;creative=9325&#038;creativeASIN=B00AHTN5NS&#038;linkCode=as2&#038;tag=callindrmarte-20&#038;linkId=e5d9bb6bbaa37ceb43fdb1c24dffc25d\" target=\"_blank\" rel=\"noopener\"><img decoding=\"async\" src=\"\/\/ws-na.amazon-adsystem.com\/widgets\/q?_encoding=UTF8&#038;MarketPlace=US&#038;ASIN=B00AHTN5NS&#038;ServiceVersion=20070822&#038;ID=AsinImage&#038;WS=1&#038;Format=_SL250_&#038;tag=callindrmarte-20\" style=\"margin-right: 10px\" align=\"left\" border=\"0\"><\/a><img loading=\"lazy\" decoding=\"async\" src=\"\/\/ir-na.amazon-adsystem.com\/e\/ir?t=callindrmarte-20&#038;l=am2&#038;o=1&#038;a=B00AHTN5NS\" style=\"border: none !important; margin: 0px !important\" alt=\"\" width=\"1\" height=\"1\" align=\"left\" border=\"0\">Si necesitas un repaso de los n\u00fameros complejos o de espacios vectoriales, este es el libro que necesitas. En contraste con el anterior, se hace m\u00e1s \u00e9nfasis en la teor\u00eda y, para mi gusto, menos en los algoritmos. Tiene la peculiaridad de proponer los ejercicios usando Matlab.<\/p>\n<p style=\"display: table\"><a href=\"https:\/\/www.amazon.com\/gp\/product\/0262039257\/ref=as_li_tl?ie=UTF8&#038;camp=1789&#038;creative=9325&#038;creativeASIN=0262039257&#038;linkCode=as2&#038;tag=callindrmarte-20&#038;linkId=d4371287cb353639983d77ba4b20afe7\" target=\"_blank\" rel=\"noopener\"><img decoding=\"async\" src=\"\/\/ws-na.amazon-adsystem.com\/widgets\/q?_encoding=UTF8&#038;MarketPlace=US&#038;ASIN=0262039257&#038;ServiceVersion=20070822&#038;ID=AsinImage&#038;WS=1&#038;Format=_SL250_&#038;tag=callindrmarte-20\" style=\"margin-right: 10px\" align=\"left\" border=\"0\"><\/a><img loading=\"lazy\" decoding=\"async\" src=\"\/\/ir-na.amazon-adsystem.com\/e\/ir?t=callindrmarte-20&#038;l=am2&#038;o=1&#038;a=0262039257\" style=\"border: none !important; margin: 0px !important\" alt=\"\" width=\"1\" height=\"1\" align=\"left\" border=\"0\">Buen autor y buen libro, pero no termina de convencerme. Muy buen arranque, pero cuando llega a la parte pr\u00e1ctica, pierde fuelle. Para rematar, hay secciones sobre universos paralelos y cosas as\u00ed, que son m\u00e1s teol\u00f3gicas que otra cosa. Yo, como Nietzche, s\u00f3lo podr\u00eda creer en un Dios que supiera bailar, pero no sobre la cabeza de un alfiler.<\/p>\n<p style=\"display: table\"><a href=\"https:\/\/www.amazon.com\/gp\/product\/0821832298\/ref=as_li_tl?ie=UTF8&#038;camp=1789&#038;creative=9325&#038;creativeASIN=0821832298&#038;linkCode=as2&#038;tag=callindrmarte-20&#038;linkId=fdf467c7e96225c67a35809d943fd3e3\" target=\"_blank\" rel=\"noopener\"><img decoding=\"async\" src=\"\/\/ws-na.amazon-adsystem.com\/widgets\/q?_encoding=UTF8&#038;MarketPlace=US&#038;ASIN=0821832298&#038;ServiceVersion=20070822&#038;ID=AsinImage&#038;WS=1&#038;Format=_SL250_&#038;tag=callindrmarte-20\" style=\"margin-right: 10px\" align=\"left\" border=\"0\"><\/a><img loading=\"lazy\" decoding=\"async\" src=\"\/\/ir-na.amazon-adsystem.com\/e\/ir?t=callindrmarte-20&#038;l=am2&#038;o=1&#038;a=0821832298\" style=\"border: none !important; margin: 0px !important\" alt=\"\" width=\"1\" height=\"1\" align=\"left\" border=\"0\">Este libro, escrito al estilo ruso, es el que necesita si va a dedicarse a la investigaci\u00f3n te\u00f3rica sobre QC.<\/p>\n<p style=\"display: table\"><a href=\"https:\/\/www.amazon.com\/gp\/product\/0521876583\/ref=as_li_tl?ie=UTF8&#038;camp=1789&#038;creative=9325&#038;creativeASIN=0521876583&#038;linkCode=as2&#038;tag=callindrmarte-20&#038;linkId=32fbf1a90c8b51b485b4f80d0ab4c1a0\" target=\"_blank\" rel=\"noopener\"><img decoding=\"async\" src=\"\/\/ws-na.amazon-adsystem.com\/widgets\/q?_encoding=UTF8&#038;MarketPlace=US&#038;ASIN=0521876583&#038;ServiceVersion=20070822&#038;ID=AsinImage&#038;WS=1&#038;Format=_SL250_&#038;tag=callindrmarte-20\" style=\"margin-right: 10px;\" align=\"left\" border=\"0\"><\/a><img loading=\"lazy\" decoding=\"async\" src=\"\/\/ir-na.amazon-adsystem.com\/e\/ir?t=callindrmarte-20&#038;l=am2&#038;o=1&#038;a=0521876583\" style=\"border: none !important; margin: 0px !important\" alt=\"\" width=\"1\" height=\"1\" align=\"left\" border=\"0\">David Mermin es el autor de la famosa frase \u00abShut up and calculate!\u00bb, que se utiliza cuando un estudiante de F\u00edsica se pone pesadito con el Gato de Schr\u00f6dinger o los universos paralelos.<\/p>\n<h4>Mec\u00e1nica Cu\u00e1ntica<\/h4>\n<p style=\"display: table\"><a href=\"https:\/\/www.amazon.com\/gp\/product\/3319646109\/ref=as_li_tl?ie=UTF8&#038;camp=1789&#038;creative=9325&#038;creativeASIN=3319646109&#038;linkCode=as2&#038;tag=callindrmarte-20&#038;linkId=ff05dfee15bbbeca73390494f79057d3\" target=\"_blank\" rel=\"noopener\"><img decoding=\"async\" src=\"\/\/ws-na.amazon-adsystem.com\/widgets\/q?_encoding=UTF8&#038;MarketPlace=US&#038;ASIN=3319646109&#038;ServiceVersion=20070822&#038;ID=AsinImage&#038;WS=1&#038;Format=_SL250_&#038;tag=callindrmarte-20\" style=\"margin-right: 10px\" align=\"left\" border=\"0\"><\/a><img loading=\"lazy\" decoding=\"async\" src=\"\/\/ir-na.amazon-adsystem.com\/e\/ir?t=callindrmarte-20&#038;l=am2&#038;o=1&#038;a=3319646109\" style=\"border: none !important; margin: 0px !important\" alt=\"\" width=\"1\" height=\"1\" align=\"left\" border=\"0\">Vale: este es un libro sobre las matem\u00e1ticas de la Mec\u00e1nica Cu\u00e1ntica y la Teor\u00eda Cu\u00e1ntica de Campos. Es decir, ni siquiera es un libro de introducci\u00f3n a la Mec\u00e1nica Cu\u00e1ntica. Pero es muy buen libro.<\/p>\n","protected":false},"excerpt":{"rendered":"<p>Algebra lineal Casi cualquier libro vale para aprender Algebra Lineal, pero necesitar\u00e1 \u00e9ste si quiere alcanzar el nivel Jedi. Tome nota, adem\u00e1s, de la peque\u00f1a diferencia en el t\u00edtulo: este libro va de \u00e1lgebra lineal num\u00e9rica. Aqu\u00ed el \u00e9nfasis se pone en la implementaci\u00f3n de los algoritmos. Quantum Computing De los libros sobre computaci\u00f3n cu\u00e1ntica [&hellip;]<\/p>\n","protected":false},"author":1,"featured_media":630,"parent":0,"menu_order":0,"comment_status":"closed","ping_status":"closed","template":"","meta":{"jetpack_post_was_ever_published":false,"footnotes":""},"class_list":["post-628","page","type-page","status-publish","has-post-thumbnail","hentry"],"jetpack_sharing_enabled":true,"_links":{"self":[{"href":"https:\/\/intsight.com\/index.php\/wp-json\/wp\/v2\/pages\/628","targetHints":{"allow":["GET"]}}],"collection":[{"href":"https:\/\/intsight.com\/index.php\/wp-json\/wp\/v2\/pages"}],"about":[{"href":"https:\/\/intsight.com\/index.php\/wp-json\/wp\/v2\/types\/page"}],"author":[{"embeddable":true,"href":"https:\/\/intsight.com\/index.php\/wp-json\/wp\/v2\/users\/1"}],"replies":[{"embeddable":true,"href":"https:\/\/intsight.com\/index.php\/wp-json\/wp\/v2\/comments?post=628"}],"version-history":[{"count":54,"href":"https:\/\/intsight.com\/index.php\/wp-json\/wp\/v2\/pages\/628\/revisions"}],"predecessor-version":[{"id":1547,"href":"https:\/\/intsight.com\/index.php\/wp-json\/wp\/v2\/pages\/628\/revisions\/1547"}],"wp:featuredmedia":[{"embeddable":true,"href":"https:\/\/intsight.com\/index.php\/wp-json\/wp\/v2\/media\/630"}],"wp:attachment":[{"href":"https:\/\/intsight.com\/index.php\/wp-json\/wp\/v2\/media?parent=628"}],"curies":[{"name":"wp","href":"https:\/\/api.w.org\/{rel}","templated":true}]}}